{"id":156,"date":"2016-07-12T13:09:09","date_gmt":"2016-07-12T17:09:09","guid":{"rendered":"http:\/\/mmff.wpengine.com\/?page_id=156"},"modified":"2024-04-16T14:21:55","modified_gmt":"2024-04-16T17:21:55","slug":"fundraising","status":"publish","type":"page","link":"https:\/\/www.fergussonfoundation.ca\/fr\/fundraising\/","title":{"rendered":"Collecte de fonds"},"content":{"rendered":"<p><\/p>\n<div class=\"entry-content\">\n<p><b><a href=\"http:\/\/www.fergussonfoundation.ca\/wp-content\/uploads\/2024\/04\/FoodWine_SocialBlocks2023-02.png\"><img loading=\"lazy\" decoding=\"async\" class=\"alignright size-medium wp-image-549\" src=\"http:\/\/www.fergussonfoundation.ca\/wp-content\/uploads\/2024\/04\/FoodWine_SocialBlocks2023-02-300x300.png\" alt=\"\" width=\"300\" height=\"300\" srcset=\"https:\/\/www.fergussonfoundation.ca\/wp-content\/uploads\/2024\/04\/FoodWine_SocialBlocks2023-02-300x300.png 300w, https:\/\/www.fergussonfoundation.ca\/wp-content\/uploads\/2024\/04\/FoodWine_SocialBlocks2023-02-1024x1024.png 1024w, https:\/\/www.fergussonfoundation.ca\/wp-content\/uploads\/2024\/04\/FoodWine_SocialBlocks2023-02-150x150.png 150w, https:\/\/www.fergussonfoundation.ca\/wp-content\/uploads\/2024\/04\/FoodWine_SocialBlocks2023-02-768x768.png 768w, https:\/\/www.fergussonfoundation.ca\/wp-content\/uploads\/2024\/04\/FoodWine_SocialBlocks2023-02.png 1275w\" sizes=\"auto, (max-width: 300px) 100vw, 300px\" \/><\/a>Aventure gastronomique de la Fondation Fergusson\u00a0<\/b><\/p>\n<p>La Fondation Fergusson est ravie d&rsquo;annoncer le retour de l&rsquo;Aventure gastronomique et vinicole ! Nous esp\u00e9rons que vous ferez partie de la f\u00eate.<\/p>\n<p>Joignez-vous \u00e0 nous pour une soir\u00e9e inoubliable de mets et de vins d\u00e9lectables \u00e0 l&rsquo;occasion du 11e \u00e9v\u00e9nement biennal de collecte de fonds de la Fondation Fergusson, l&rsquo;Aventure gastronomique et vinicole !<\/p>\n<p>Le <b><strong>vendredi 8 novembre 2024<\/strong><\/b>, \u00e0 l&rsquo;h\u00f4tel Delta de Fredericton, faites un tour du monde alors que la Soci\u00e9t\u00e9 des alcools du Nouveau-Brunswick pr\u00e9sentera des vins de qualit\u00e9 sup\u00e9rieure provenant de partout dans le monde. Ces vins soigneusement s\u00e9lectionn\u00e9s seront accompagn\u00e9s d&rsquo;un d\u00e9licieux menu de cinq plats, pr\u00e9par\u00e9 par la chef Mindy Trail et l&rsquo;\u00e9quipe culinaire du Delta Fredericton.<\/p>\n<p>Vivez une soir\u00e9e unique au Nouveau-Brunswick en savourant chaque bouch\u00e9e et en vous renseignant sur les mets et les vins aupr\u00e8s de notre \u00e9quipe d&rsquo;experts qui vous guidera \u00e0 travers chaque plat. Tout au long de la soir\u00e9e, les invit\u00e9s auront \u00e9galement l&rsquo;occasion de participer \u00e0 une vente aux ench\u00e8res passionnante d&rsquo;exp\u00e9riences n\u00e9o-brunswickoises, notamment dans les domaines de la gastronomie, des sports et plus encore.<\/p>\n<p>Tous les fonds recueillis serviront \u00e0 financer les nombreuses initiatives de la Fondation Fergusson.<\/p>\n<\/div>\n<p><\/p>","protected":false},"excerpt":{"rendered":"<p>Aventure gastronomique de la Fondation Fergusson\u00a0 La Fondation Fergusson est ravie d&rsquo;annoncer le retour de l&rsquo;Aventure gastronomique et vinicole ! Nous esp\u00e9rons que vous ferez partie de la f\u00eate. Joignez-vous \u00e0 nous pour une soir\u00e9e inoubliable de mets et de vins d\u00e9lectables \u00e0 l&rsquo;occasion du 11e \u00e9v\u00e9nement biennal de collecte de fonds de la Fondation&#8230;<\/p>\n","protected":false},"author":1,"featured_media":0,"parent":0,"menu_order":0,"comment_status":"closed","ping_status":"closed","template":"","meta":{"footnotes":""},"class_list":["post-156","page","type-page","status-publish","hentry"],"_links":{"self":[{"href":"https:\/\/www.fergussonfoundation.ca\/fr\/wp-json\/wp\/v2\/pages\/156","targetHints":{"allow":["GET"]}}],"collection":[{"href":"https:\/\/www.fergussonfoundation.ca\/fr\/wp-json\/wp\/v2\/pages"}],"about":[{"href":"https:\/\/www.fergussonfoundation.ca\/fr\/wp-json\/wp\/v2\/types\/page"}],"author":[{"embeddable":true,"href":"https:\/\/www.fergussonfoundation.ca\/fr\/wp-json\/wp\/v2\/users\/1"}],"replies":[{"embeddable":true,"href":"https:\/\/www.fergussonfoundation.ca\/fr\/wp-json\/wp\/v2\/comments?post=156"}],"version-history":[{"count":0,"href":"https:\/\/www.fergussonfoundation.ca\/fr\/wp-json\/wp\/v2\/pages\/156\/revisions"}],"wp:attachment":[{"href":"https:\/\/www.fergussonfoundation.ca\/fr\/wp-json\/wp\/v2\/media?parent=156"}],"curies":[{"name":"wp","href":"https:\/\/api.w.org\/{rel}","templated":true}]}}